{"id":5435,"date":"2025-05-08T13:28:25","date_gmt":"2025-05-08T11:28:25","guid":{"rendered":"https:\/\/valtierra.ccrrnavarras.com\/?page_id=5435"},"modified":"2025-06-24T16:44:58","modified_gmt":"2025-06-24T14:44:58","slug":"komunitatea","status":"publish","type":"page","link":"https:\/\/valtierra.ccrrnavarras.com\/eu\/komunitatea\/","title":{"rendered":"Komunitatea"},"content":{"rendered":"\t\t<div data-elementor-type=\"wp-page\" data-elementor-id=\"5435\" class=\"elementor elementor-5435 elementor-5035\" data-elementor-post-type=\"page\">\n\t\t\t\t<div class=\"elementor-element elementor-element-6a57b74 e-flex e-con-boxed e-con e-parent\" data-id=\"6a57b74\" data-element_type=\"container\" data-settings=\"{&quot;background_background&quot;:&quot;classic&quot;}\">\n\t\t\t\t\t<div class=\"e-con-inner\">\n\t\t\t\t<div class=\"elementor-element elementor-element-ab72cc3 blue-underline elementor-widget elementor-widget-heading\" data-id=\"ab72cc3\" data-element_type=\"widget\" data-widget_type=\"heading.default\">\n\t\t\t\t<div class=\"elementor-widget-container\">\n\t\t\t\t\t<h1 class=\"elementor-heading-title elementor-size-default\">Comunidad<\/h1>\t\t\t\t<\/div>\n\t\t\t\t<\/div>\n\t\t\t\t\t<\/div>\n\t\t\t\t<\/div>\n\t\t<div class=\"elementor-element elementor-element-c6d6cec e-flex e-con-boxed e-con e-parent\" data-id=\"c6d6cec\" data-element_type=\"container\" data-settings=\"{&quot;background_background&quot;:&quot;classic&quot;}\">\n\t\t\t\t\t<div class=\"e-con-inner\">\n\t\t<div class=\"elementor-element elementor-element-af09fec e-con-full e-flex e-con e-child\" data-id=\"af09fec\" data-element_type=\"container\">\n\t\t\t\t<div class=\"elementor-element elementor-element-7e958c2 blue-title elementor-widget elementor-widget-heading\" data-id=\"7e958c2\" data-element_type=\"widget\" data-widget_type=\"heading.default\">\n\t\t\t\t<div class=\"elementor-widget-container\">\n\t\t\t\t\t<h2 class=\"elementor-heading-title elementor-size-default\">Bienvenida<\/h2>\t\t\t\t<\/div>\n\t\t\t\t<\/div>\n\t\t\t\t<div class=\"elementor-element elementor-element-8c73e0b featured-text elementor-widget elementor-widget-text-editor\" data-id=\"8c73e0b\" data-element_type=\"widget\" data-widget_type=\"text-editor.default\">\n\t\t\t\t<div class=\"elementor-widget-container\">\n\t\t\t\t\t\t\t\t\t<span style=\"font-style: inherit; font-weight: inherit; text-align: justify;\">Bienvenido a la Comunidad de regantes de la\nVilla de Ablitas, esta Comunidad se constituye ante Confederaci\u00f3n Hidrogr\u00e1fica\ndel Ebro en el a\u00f1o 1991, mediante ordenanzas que puede consultar en este\u00a0<\/span><a href=\"\/wp-content\/uploads\/2025\/06\/Ablitas_Ordenanzas.pdf\" target=\"_blank\" rel=\"noopener\">enlace<\/a>.\n\nEl Decreto Foral 197\/2002 declar\u00f3 de utilidad p\u00fablica y urgente la concentraci\u00f3n parcelaria y la modernizaci\u00f3n de las infraestructuras. Las obras de modernizaci\u00f3n finalizaron en 2009.\t\t\t\t\t\t\t\t<\/div>\n\t\t\t\t<\/div>\n\t\t\t\t<\/div>\n\t\t<div class=\"elementor-element elementor-element-823eaae e-con-full e-flex e-con e-child\" data-id=\"823eaae\" data-element_type=\"container\">\n\t\t\t\t<div class=\"elementor-element elementor-element-57b7cab elementor-widget elementor-widget-image\" data-id=\"57b7cab\" data-element_type=\"widget\" data-widget_type=\"image.default\">\n\t\t\t\t<div class=\"elementor-widget-container\">\n\t\t\t\t\t\t\t\t\t\t\t\t\t\t\t<img decoding=\"async\" src=\"https:\/\/valtierra.ccrrnavarras.com\/wp-content\/plugins\/elementor\/assets\/images\/placeholder.png\" title=\"\" alt=\"\" loading=\"lazy\" \/>\t\t\t\t\t\t\t\t\t\t\t\t\t\t\t<\/div>\n\t\t\t\t<\/div>\n\t\t<div class=\"elementor-element elementor-element-3f17ebd e-con-full e-flex e-con e-child\" data-id=\"3f17ebd\" data-element_type=\"container\">\n\t\t\t\t<div class=\"elementor-element elementor-element-355480b black-title elementor-widget elementor-widget-heading\" data-id=\"355480b\" data-element_type=\"widget\" data-widget_type=\"heading.default\">\n\t\t\t\t<div class=\"elementor-widget-container\">\n\t\t\t\t\t<h2 class=\"elementor-heading-title elementor-size-default\">Misi\u00f3n<\/h2>\t\t\t\t<\/div>\n\t\t\t\t<\/div>\n\t\t\t\t<div class=\"elementor-element elementor-element-0c445a0 elementor-widget elementor-widget-text-editor\" data-id=\"0c445a0\" data-element_type=\"widget\" data-widget_type=\"text-editor.default\">\n\t\t\t\t<div class=\"elementor-widget-container\">\n\t\t\t\t\t\t\t\t\t<p>Se extiende por 1745 hect\u00e1reas propiedad de nuestros 800 comuneros y nuestra principal misi\u00f3n es distribuir o repartir eficientemente el agua que captamos desde dos or\u00edgenes, el canal de Lodosa y el r\u00edo Queiles a trav\u00e9s de la Acequia Mendienique. El reparto se realiza hasta las 203 unidades de riego (256 hidrantes) donde nuestros part\u00edcipes producen sus cultivos enlace.<\/p><p>\u00a0<\/p><p>La alternativa de cultivos es muy variada con m\u00e1s de una veintena de cultivos distintos, destacando el cultivo del olivo, br\u00f3culi, o almendro. La proporci\u00f3n de superficie regable con dobles cosechas en el \u00faltimo a\u00f1o asciende a 6%.<\/p><p>Adem\u00e1s de las dos redes hidr\u00e1ulicas con 55 km de tuber\u00edas presurizadas soterradas, 90 km de caminos y 25 km de drenes a cielo abierto integran nuestras infraestructuras enlace.<\/p><div>\u00a0<\/div>\t\t\t\t\t\t\t\t<\/div>\n\t\t\t\t<\/div>\n\t\t\t\t<\/div>\n\t\t\t\t<\/div>\n\t\t<div class=\"elementor-element elementor-element-f358e39 e-con-full e-flex e-con e-child\" data-id=\"f358e39\" data-element_type=\"container\">\n\t\t\t\t<div class=\"elementor-element elementor-element-653f413 elementor-widget elementor-widget-heading\" data-id=\"653f413\" data-element_type=\"widget\" data-widget_type=\"heading.default\">\n\t\t\t\t<div class=\"elementor-widget-container\">\n\t\t\t\t\t<h2 class=\"elementor-heading-title elementor-size-default\">Presupuesto<\/h2>\t\t\t\t<\/div>\n\t\t\t\t<\/div>\n\t\t\t\t<div class=\"elementor-element elementor-element-56ab018 featured-text elementor-widget elementor-widget-text-editor\" data-id=\"56ab018\" data-element_type=\"widget\" data-widget_type=\"text-editor.default\">\n\t\t\t\t<div class=\"elementor-widget-container\">\n\t\t\t\t\t\t\t\t\t<p>El presupuesto para mantener en adecuadas condiciones las infraestructuras a nuestro cargo ronda 800.000\u20ac<\/p>\t\t\t\t\t\t\t\t<\/div>\n\t\t\t\t<\/div>\n\t\t\t\t<\/div>\n\t\t<div class=\"elementor-element elementor-element-5f780cd e-con-full e-flex e-con e-child\" data-id=\"5f780cd\" data-element_type=\"container\">\n\t\t<div class=\"elementor-element elementor-element-080cdc0 e-con-full e-flex e-con e-child\" data-id=\"080cdc0\" data-element_type=\"container\">\n\t\t\t\t<div class=\"elementor-element elementor-element-6e61387 elementor-widget elementor-widget-text-editor\" data-id=\"6e61387\" data-element_type=\"widget\" data-widget_type=\"text-editor.default\">\n\t\t\t\t<div class=\"elementor-widget-container\">\n\t\t\t\t\t\t\t\t\t<p>Algo m\u00e1s de dos terceras partes de esa partida presupuestaria se destina a los bombeos que proporcionan la presi\u00f3n suficiente para que los sistemas de riego por aspersi\u00f3n y goteo con que est\u00e1n equipadas las parcelas de los agricultores funcionen adecuadamente.<\/p><p>\u00a0<\/p><p>Para ello el consumo anual de energ\u00eda asciende a aproximadamente 4.450.000 kilovatios por hora, que equivale a 580 toneladas de CO2 eq.<\/p><p>\u00a0<\/p><p>El prop\u00f3sito principal del Proyecto de digitalizaci\u00f3n que iniciamos este 2025 con fondos del Plan de Recuperaci\u00f3n, Transformaci\u00f3n y Resiliencia es la optimizaci\u00f3n de los 2385 kilovatios instalados, que permitir\u00e1 reducir considerablemente el coste de explotaci\u00f3n, pero tambi\u00e9n y no menos importante nuestra huella de carbono.<\/p><div>\u00a0<\/div>\t\t\t\t\t\t\t\t<\/div>\n\t\t\t\t<\/div>\n\t\t\t\t<div class=\"elementor-element elementor-element-890e31d blue-title elementor-widget elementor-widget-heading\" data-id=\"890e31d\" data-element_type=\"widget\" data-widget_type=\"heading.default\">\n\t\t\t\t<div class=\"elementor-widget-container\">\n\t\t\t\t\t<h2 class=\"elementor-heading-title elementor-size-default\">Nuestro papel<\/h2>\t\t\t\t<\/div>\n\t\t\t\t<\/div>\n\t\t\t\t<div class=\"elementor-element elementor-element-0d5817d elementor-widget elementor-widget-text-editor\" data-id=\"0d5817d\" data-element_type=\"widget\" data-widget_type=\"text-editor.default\">\n\t\t\t\t<div class=\"elementor-widget-container\">\n\t\t\t\t\t\t\t\t\t<p>Asimismo, el Proyecto hace visible con total transparencia el papel que tenemos las comunidades de regantes dentro de la sociedad y del entorno del que formamos parte.<\/p><p>\u00a0<\/p><p>Fdo. El presidente\u00a0<\/p><p>Juan Carlos Fernandez Rodero<\/p>\t\t\t\t\t\t\t\t<\/div>\n\t\t\t\t<\/div>\n\t\t\t\t<\/div>\n\t\t\t\t<div class=\"elementor-element elementor-element-0678650 elementor-widget elementor-widget-image\" data-id=\"0678650\" data-element_type=\"widget\" data-widget_type=\"image.default\">\n\t\t\t\t<div class=\"elementor-widget-container\">\n\t\t\t\t\t\t\t\t\t\t\t\t\t\t\t<img decoding=\"async\" src=\"https:\/\/valtierra.ccrrnavarras.com\/wp-content\/plugins\/elementor\/assets\/images\/placeholder.png\" title=\"\" alt=\"\" loading=\"lazy\" \/>\t\t\t\t\t\t\t\t\t\t\t\t\t\t\t<\/div>\n\t\t\t\t<\/div>\n\t\t\t\t<\/div>\n\t\t\t\t\t<\/div>\n\t\t\t\t<\/div>\n\t\t\t\t<\/div>\n\t\t","protected":false},"excerpt":{"rendered":"<p>Comunidad Bienvenida Bienvenido a la Comunidad de regantes de la Villa de Ablitas, esta Comunidad se constituye ante Confederaci\u00f3n Hidrogr\u00e1fica del Ebro en el a\u00f1o 1991, mediante ordenanzas que puede consultar en este\u00a0enlace. El Decreto Foral 197\/2002 declar\u00f3 de utilidad p\u00fablica y urgente la concentraci\u00f3n parcelaria y la modernizaci\u00f3n de las infraestructuras. Las obras de [&hellip;]<\/p>\n","protected":false},"author":1,"featured_media":0,"parent":0,"menu_order":0,"comment_status":"closed","ping_status":"closed","template":"","meta":{"site-sidebar-layout":"no-sidebar","site-content-layout":"page-builder","ast-site-content-layout":"full-width-container","site-content-style":"default","site-sidebar-style":"default","ast-global-header-display":"","ast-banner-title-visibility":"","ast-main-header-display":"","ast-hfb-above-header-display":"","ast-hfb-below-header-display":"","ast-hfb-mobile-header-display":"","site-post-title":"disabled","ast-breadcrumbs-content":"","ast-featured-img":"disabled","footer-sml-layout":"","theme-transparent-header-meta":"enabled","adv-header-id-meta":"","stick-header-meta":"","header-above-stick-meta":"","header-main-stick-meta":"","header-below-stick-meta":"","astra-migrate-meta-layouts":"set","ast-page-background-enabled":"default","ast-page-background-meta":{"desktop":{"background-color":"var(--ast-global-color-4)","background-image":"","background-repeat":"repeat","background-position":"center center","background-size":"auto","background-attachment":"scroll","background-type":"","background-media":"","overlay-type":"","overlay-color":"","overlay-opacity":"","overlay-gradient":""},"tablet":{"background-color":"","background-image":"","background-repeat":"repeat","background-position":"center center","background-size":"auto","background-attachment":"scroll","background-type":"","background-media":"","overlay-type":"","overlay-color":"","overlay-opacity":"","overlay-gradient":""},"mobile":{"background-color":"","background-image":"","background-repeat":"repeat","background-position":"center center","background-size":"auto","background-attachment":"scroll","background-type":"","background-media":"","overlay-type":"","overlay-color":"","overlay-opacity":"","overlay-gradient":""}},"ast-content-background-meta":{"desktop":{"background-color":"var(--ast-global-color-5)","background-image":"","background-repeat":"repeat","background-position":"center center","background-size":"auto","background-attachment":"scroll","background-type":"","background-media":"","overlay-type":"","overlay-color":"","overlay-opacity":"","overlay-gradient":""},"tablet":{"background-color":"var(--ast-global-color-5)","background-image":"","background-repeat":"repeat","background-position":"center center","background-size":"auto","background-attachment":"scroll","background-type":"","background-media":"","overlay-type":"","overlay-color":"","overlay-opacity":"","overlay-gradient":""},"mobile":{"background-color":"var(--ast-global-color-5)","background-image":"","background-repeat":"repeat","background-position":"center center","background-size":"auto","background-attachment":"scroll","background-type":"","background-media":"","overlay-type":"","overlay-color":"","overlay-opacity":"","overlay-gradient":""}},"footnotes":""},"class_list":["post-5435","page","type-page","status-publish","hentry"],"_links":{"self":[{"href":"https:\/\/valtierra.ccrrnavarras.com\/eu\/wp-json\/wp\/v2\/pages\/5435","targetHints":{"allow":["GET"]}}],"collection":[{"href":"https:\/\/valtierra.ccrrnavarras.com\/eu\/wp-json\/wp\/v2\/pages"}],"about":[{"href":"https:\/\/valtierra.ccrrnavarras.com\/eu\/wp-json\/wp\/v2\/types\/page"}],"author":[{"embeddable":true,"href":"https:\/\/valtierra.ccrrnavarras.com\/eu\/wp-json\/wp\/v2\/users\/1"}],"replies":[{"embeddable":true,"href":"https:\/\/valtierra.ccrrnavarras.com\/eu\/wp-json\/wp\/v2\/comments?post=5435"}],"version-history":[{"count":5,"href":"https:\/\/valtierra.ccrrnavarras.com\/eu\/wp-json\/wp\/v2\/pages\/5435\/revisions"}],"predecessor-version":[{"id":5469,"href":"https:\/\/valtierra.ccrrnavarras.com\/eu\/wp-json\/wp\/v2\/pages\/5435\/revisions\/5469"}],"wp:attachment":[{"href":"https:\/\/valtierra.ccrrnavarras.com\/eu\/wp-json\/wp\/v2\/media?parent=5435"}],"curies":[{"name":"wp","href":"https:\/\/api.w.org\/{rel}","templated":true}]}}